{"id":156,"date":"2021-02-07T08:10:00","date_gmt":"2021-02-07T07:10:00","guid":{"rendered":"http:\/\/sdcom.ovh\/?page_id=156"},"modified":"2021-02-23T19:13:06","modified_gmt":"2021-02-23T18:13:06","slug":"devis","status":"publish","type":"page","link":"https:\/\/sdcom.ovh\/?page_id=156","title":{"rendered":"Devis"},"content":{"rendered":"\n<div class=\"wp-block-image\"><figure class=\"aligncenter size-large\"><img loading=\"lazy\" decoding=\"async\" width=\"300\" height=\"135\" src=\"http:\/\/sdcom.ovh\/wp-content\/uploads\/2021\/02\/SDcom_communication_impression_infographie_mise-en-page_logo-head-site.jpg\" alt=\"\" class=\"wp-image-30\"\/><\/figure><\/div>\n\n\n\n<div class=\"wp-block-contact-form-7-contact-form-selector\">\n<div class=\"wpcf7 no-js\" id=\"wpcf7-f158-o1\" lang=\"fr-FR\" dir=\"ltr\">\n<div class=\"screen-reader-response\"><p role=\"status\" aria-live=\"polite\" aria-atomic=\"true\"><\/p> <ul><\/ul><\/div>\n<form action=\"\/index.php?rest_route=%2Fwp%2Fv2%2Fpages%2F156#wpcf7-f158-o1\" method=\"post\" class=\"wpcf7-form init\" aria-label=\"Formulaire de contact\" enctype=\"multipart\/form-data\" novalidate=\"novalidate\" data-status=\"init\">\n<div style=\"display: none;\">\n<input type=\"hidden\" name=\"_wpcf7\" value=\"158\" \/>\n<input type=\"hidden\" name=\"_wpcf7_version\" value=\"5.7.7\" \/>\n<input type=\"hidden\" name=\"_wpcf7_locale\" value=\"fr_FR\" \/>\n<input type=\"hidden\" name=\"_wpcf7_unit_tag\" value=\"wpcf7-f158-o1\" \/>\n<input type=\"hidden\" name=\"_wpcf7_container_post\" value=\"0\" \/>\n<input type=\"hidden\" name=\"_wpcf7_posted_data_hash\" value=\"\" \/>\n<\/div>\n<p><label> Nom<br \/>\n<span class=\"wpcf7-form-control-wrap\" data-name=\"Nom\"><input size=\"40\" class=\"wpcf7-form-control wpcf7-text wpcf7-validates-as-required\" aria-required=\"true\" aria-invalid=\"false\" placeholder=\"Obligatoire\" value=\"\" type=\"text\" name=\"Nom\" \/><\/span><br \/>\n<label> Pr\u00e9nom<br \/>\n<span class=\"wpcf7-form-control-wrap\" data-name=\"Prenom\"><input size=\"40\" class=\"wpcf7-form-control wpcf7-text wpcf7-validates-as-required\" aria-required=\"true\" aria-invalid=\"false\" placeholder=\"Obligatoire\" value=\"\" type=\"text\" name=\"Prenom\" \/><\/span><br \/>\n<label> T\u00e9l\u00e9phone<br \/>\n<span class=\"wpcf7-form-control-wrap\" data-name=\"Telephone\"><input size=\"40\" class=\"wpcf7-form-control wpcf7-text wpcf7-tel wpcf7-validates-as-required wpcf7-validates-as-tel\" aria-required=\"true\" aria-invalid=\"false\" placeholder=\"Obligatoire\" value=\"\" type=\"tel\" name=\"Telephone\" \/><\/span><br \/>\n<label> E-mail<br \/>\n<span class=\"wpcf7-form-control-wrap\" data-name=\"email\"><input size=\"40\" class=\"wpcf7-form-control wpcf7-text wpcf7-email wpcf7-validates-as-required wpcf7-validates-as-email\" aria-required=\"true\" aria-invalid=\"false\" value=\"Obligatoire\" type=\"email\" name=\"email\" \/><\/span><br \/>\n<label> Titre de la demande<br \/>\n<span class=\"wpcf7-form-control-wrap\" data-name=\"Titredelademande\"><input size=\"40\" class=\"wpcf7-form-control wpcf7-text\" aria-invalid=\"false\" value=\"\" type=\"text\" name=\"Titredelademande\" \/><\/span><br \/>\n<label> Type de travail<br \/>\n<span class=\"wpcf7-form-control-wrap\" data-name=\"your-message\"><textarea cols=\"40\" rows=\"10\" class=\"wpcf7-form-control wpcf7-textarea\" aria-invalid=\"false\" name=\"your-message\"><\/textarea><\/span><br \/>\n<label> Type d'impression <span class=\"wpcf7-form-control-wrap\" data-name=\"Typedimpression\"><span class=\"wpcf7-form-control wpcf7-radio\"><span class=\"wpcf7-list-item first\"><label><span class=\"wpcf7-list-item-label\">Couleur<\/span><input type=\"radio\" name=\"Typedimpression\" value=\"Couleur\" checked=\"checked\" \/><\/label><\/span><span class=\"wpcf7-list-item last\"><label><span class=\"wpcf7-list-item-label\">Noir seul<\/span><input type=\"radio\" name=\"Typedimpression\" value=\"Noir seul\" \/><\/label><\/span><\/span><\/span><br \/>\n<label> Nombre d'exemplaires <span class=\"wpcf7-form-control-wrap\" data-name=\"Nombredexemplaires\"><input size=\"40\" class=\"wpcf7-form-control wpcf7-text\" aria-invalid=\"false\" value=\"\" type=\"text\" name=\"Nombredexemplaires\" \/><\/span><label> exemplaires<br \/>\n<label> Mode d'impression <span class=\"wpcf7-form-control-wrap\" data-name=\"Modedimpression\"><span class=\"wpcf7-form-control wpcf7-radio\"><span class=\"wpcf7-list-item first\"><label><span class=\"wpcf7-list-item-label\">Recto<\/span><input type=\"radio\" name=\"Modedimpression\" value=\"Recto\" checked=\"checked\" \/><\/label><\/span><span class=\"wpcf7-list-item last\"><label><span class=\"wpcf7-list-item-label\">Recto \/ Verso<\/span><input type=\"radio\" name=\"Modedimpression\" value=\"Recto \/ Verso\" \/><\/label><\/span><\/span><\/span><br \/>\n<label> Grammage papier <span class=\"wpcf7-form-control-wrap\" data-name=\"Grammagepapier\"><select class=\"wpcf7-form-control wpcf7-select\" aria-invalid=\"false\" name=\"Grammagepapier\"><option value=\"\">&#8212;Veuillez choisir une option&#8212;<\/option><option value=\"90 gr.\">90 gr.<\/option><option value=\"120 gr.\">120 gr.<\/option><option value=\"160 gr.\">160 gr.<\/option><option value=\"300 gr.\">300 gr.<\/option><\/select><\/span><br \/>\n<label> Fichiers \u00e0 transmettre :<br \/>\npoids du fichier inf\u00e9rieur \u00e0 1 Mo, dans le cas contraire veuillez envoyer ce fichier directement \u00e0 info@sdcom.ovh ou utiliser wetranfer pour cette m\u00eame adresse.<br \/>\n<span class=\"wpcf7-form-control-wrap\" data-name=\"fichier\"><input size=\"40\" class=\"wpcf7-form-control wpcf7-file\" accept=\".jpeg,.jpg,.tiff,.ai,.eps,.pdf,.doc,.docx\" aria-invalid=\"false\" type=\"file\" name=\"fichier\" \/><\/span><br \/>\n<input class=\"wpcf7-form-control has-spinner wpcf7-submit\" type=\"submit\" value=\"Envoyer\" \/><\/label><\/label><\/label><\/label><\/label><\/label><\/label><\/label><\/label><\/label><\/label><\/label>\n<\/p><p style=\"display: none !important;\" class=\"akismet-fields-container\" data-prefix=\"_wpcf7_ak_\"><label>&#916;<textarea name=\"_wpcf7_ak_hp_textarea\" cols=\"45\" rows=\"8\" maxlength=\"100\"><\/textarea><\/label><input type=\"hidden\" id=\"ak_js_1\" name=\"_wpcf7_ak_js\" value=\"146\"\/><script>document.getElementById( \"ak_js_1\" ).setAttribute( \"value\", ( new Date() ).getTime() );<\/script><\/p><div class=\"wpcf7-response-output\" aria-hidden=\"true\"><\/div>\n<\/form>\n<\/div>\n<\/div>\n\n\n\n<figure class=\"wp-block-gallery columns-1 is-cropped wp-block-gallery-1 is-layout-flex wp-block-gallery-is-layout-flex\"><ul class=\"blocks-gallery-grid\"><li class=\"blocks-gallery-item\"><figure><img loading=\"lazy\" decoding=\"async\" width=\"1024\" height=\"768\" src=\"http:\/\/sdcom.ovh\/wp-content\/uploads\/2021\/02\/SDcom-devis-gratuit-travaux-offre-de-prix-1024x768.jpg\" alt=\"\" data-id=\"191\" data-full-url=\"http:\/\/sdcom.ovh\/wp-content\/uploads\/2021\/02\/SDcom-devis-gratuit-travaux-offre-de-prix.jpg\" data-link=\"http:\/\/sdcom.ovh\/?attachment_id=191\" class=\"wp-image-191\" srcset=\"https:\/\/sdcom.ovh\/wp-content\/uploads\/2021\/02\/SDcom-devis-gratuit-travaux-offre-de-prix-1024x768.jpg 1024w, https:\/\/sdcom.ovh\/wp-content\/uploads\/2021\/02\/SDcom-devis-gratuit-travaux-offre-de-prix-300x225.jpg 300w, https:\/\/sdcom.ovh\/wp-content\/uploads\/2021\/02\/SDcom-devis-gratuit-travaux-offre-de-prix-768x576.jpg 768w, https:\/\/sdcom.ovh\/wp-content\/uploads\/2021\/02\/SDcom-devis-gratuit-travaux-offre-de-prix.jpg 1500w\" sizes=\"(max-width: 1024px) 100vw, 1024px\" \/><\/figure><\/li><\/ul><\/figure>\n","protected":false},"excerpt":{"rendered":"","protected":false},"author":1,"featured_media":0,"parent":0,"menu_order":0,"comment_status":"closed","ping_status":"closed","template":"","meta":{"footnotes":""},"_links":{"self":[{"href":"https:\/\/sdcom.ovh\/index.php?rest_route=\/wp\/v2\/pages\/156"}],"collection":[{"href":"https:\/\/sdcom.ovh\/index.php?rest_route=\/wp\/v2\/pages"}],"about":[{"href":"https:\/\/sdcom.ovh\/index.php?rest_route=\/wp\/v2\/types\/page"}],"author":[{"embeddable":true,"href":"https:\/\/sdcom.ovh\/index.php?rest_route=\/wp\/v2\/users\/1"}],"replies":[{"embeddable":true,"href":"https:\/\/sdcom.ovh\/index.php?rest_route=%2Fwp%2Fv2%2Fcomments&post=156"}],"version-history":[{"count":9,"href":"https:\/\/sdcom.ovh\/index.php?rest_route=\/wp\/v2\/pages\/156\/revisions"}],"predecessor-version":[{"id":192,"href":"https:\/\/sdcom.ovh\/index.php?rest_route=\/wp\/v2\/pages\/156\/revisions\/192"}],"wp:attachment":[{"href":"https:\/\/sdcom.ovh\/index.php?rest_route=%2Fwp%2Fv2%2Fmedia&parent=156"}],"curies":[{"name":"wp","href":"https:\/\/api.w.org\/{rel}","templated":true}]}}