{"id":138,"date":"2021-02-04T18:43:12","date_gmt":"2021-02-04T17:43:12","guid":{"rendered":"http:\/\/sdcom.ovh\/?page_id=138"},"modified":"2021-02-23T19:24:24","modified_gmt":"2021-02-23T18:24:24","slug":"services-sdcom","status":"publish","type":"page","link":"https:\/\/sdcom.ovh\/?page_id=138","title":{"rendered":"SDcom"},"content":{"rendered":"\n<figure class=\"wp-block-image size-large\"><img loading=\"lazy\" decoding=\"async\" width=\"1024\" height=\"427\" src=\"http:\/\/sdcom.ovh\/wp-content\/uploads\/2021\/02\/SDcom_clavier_mac-mise-en-page-InDesign-1024x427.jpg\" alt=\"\" class=\"wp-image-7\" srcset=\"https:\/\/sdcom.ovh\/wp-content\/uploads\/2021\/02\/SDcom_clavier_mac-mise-en-page-InDesign-1024x427.jpg 1024w, https:\/\/sdcom.ovh\/wp-content\/uploads\/2021\/02\/SDcom_clavier_mac-mise-en-page-InDesign-300x125.jpg 300w, https:\/\/sdcom.ovh\/wp-content\/uploads\/2021\/02\/SDcom_clavier_mac-mise-en-page-InDesign-768x320.jpg 768w, https:\/\/sdcom.ovh\/wp-content\/uploads\/2021\/02\/SDcom_clavier_mac-mise-en-page-InDesign-1536x641.jpg 1536w, https:\/\/sdcom.ovh\/wp-content\/uploads\/2021\/02\/SDcom_clavier_mac-mise-en-page-InDesign-1200x501.jpg 1200w, https:\/\/sdcom.ovh\/wp-content\/uploads\/2021\/02\/SDcom_clavier_mac-mise-en-page-InDesign.jpg 1719w\" sizes=\"(max-width: 1024px) 100vw, 1024px\" \/><\/figure>\n\n\n\n<blockquote class=\"wp-block-quote has-text-align-center is-style-large is-layout-flow wp-block-quote-is-layout-flow\"><p><strong><span style=\"color:#d60085\" class=\"has-inline-color\">La proximit\u00e9 avec le client est notre principal atout !<\/span><\/strong><\/p><\/blockquote>\n\n\n\n<p class=\"has-text-color\" style=\"color:#072257;font-size:18px\">SDcom est une entreprise de services, notre priorit\u00e9 premi\u00e8re est donc de rendre nos clients satisfaits. Nous prenons donc les temps de l&rsquo;\u00e9coute, du conseil, de propositions et de corrections afin de vous satisfaire pleinement.<\/p>\n\n\n\n<p class=\"has-text-color\" style=\"color:#072257;font-size:18px\">Que vous soyez professionnel ou particulier, nous mettons notre exp\u00e9rience  \u00e0 votre disposition afin de vous permettre de faire bonne impression. <\/p>\n\n\n\n<p class=\"has-text-color\" style=\"color:#072257;font-size:18px\">Que ce soit pour valoriser votre marque, utiliser une communication propre et claire, dans le choix des supports ou autres conseils techniques, nous serons toujours l\u00e0 pour vous conseiller.<\/p>\n\n\n\n<p class=\"has-text-align-center has-text-color has-medium-font-size\" style=\"color:#c60085\"><strong>Comment faire ?<\/strong><\/p>\n\n\n\n<ul><li>Choisissez les types de produits \u00e0 r\u00e9aliser&#8230;<\/li><li>Informez-nous du type graphique, design, code couleur que vous souhaitez&#8230;<\/li><li>Nous vous proposons une mise en page&#8230;<\/li><li>Nous effectuons ensemble les changements \u00e0 apporter jusqu&rsquo;\u00e0 votre satisfaction&#8230;<\/li><li>Nous nous chargeons de la production de votre demande et de la livraison&#8230;<\/li><\/ul>\n\n\n\n<figure class=\"wp-block-image size-large\"><img loading=\"lazy\" decoding=\"async\" width=\"1024\" height=\"611\" src=\"http:\/\/sdcom.ovh\/wp-content\/uploads\/2021\/02\/SDcom_communication_impression_infographie_mise-en-page_logo-1024x611.jpg\" alt=\"\" class=\"wp-image-25\" srcset=\"https:\/\/sdcom.ovh\/wp-content\/uploads\/2021\/02\/SDcom_communication_impression_infographie_mise-en-page_logo-1024x611.jpg 1024w, https:\/\/sdcom.ovh\/wp-content\/uploads\/2021\/02\/SDcom_communication_impression_infographie_mise-en-page_logo-300x179.jpg 300w, https:\/\/sdcom.ovh\/wp-content\/uploads\/2021\/02\/SDcom_communication_impression_infographie_mise-en-page_logo-768x458.jpg 768w, https:\/\/sdcom.ovh\/wp-content\/uploads\/2021\/02\/SDcom_communication_impression_infographie_mise-en-page_logo-1536x917.jpg 1536w, https:\/\/sdcom.ovh\/wp-content\/uploads\/2021\/02\/SDcom_communication_impression_infographie_mise-en-page_logo-2048x1222.jpg 2048w\" sizes=\"(max-width: 1024px) 100vw, 1024px\" \/><\/figure>\n","protected":false},"excerpt":{"rendered":"<p>La proximit\u00e9 avec le client est notre principal atout ! SDcom est une entreprise de services, notre priorit\u00e9 premi\u00e8re est donc de rendre nos clients satisfaits. Nous prenons donc les temps de l&rsquo;\u00e9coute, du conseil, de propositions et de corrections afin de vous satisfaire pleinement. Que vous soyez professionnel ou particulier, nous mettons notre exp\u00e9rience [&hellip;]<\/p>\n","protected":false},"author":1,"featured_media":0,"parent":0,"menu_order":0,"comment_status":"closed","ping_status":"closed","template":"","meta":{"footnotes":""},"_links":{"self":[{"href":"https:\/\/sdcom.ovh\/index.php?rest_route=\/wp\/v2\/pages\/138"}],"collection":[{"href":"https:\/\/sdcom.ovh\/index.php?rest_route=\/wp\/v2\/pages"}],"about":[{"href":"https:\/\/sdcom.ovh\/index.php?rest_route=\/wp\/v2\/types\/page"}],"author":[{"embeddable":true,"href":"https:\/\/sdcom.ovh\/index.php?rest_route=\/wp\/v2\/users\/1"}],"replies":[{"embeddable":true,"href":"https:\/\/sdcom.ovh\/index.php?rest_route=%2Fwp%2Fv2%2Fcomments&post=138"}],"version-history":[{"count":9,"href":"https:\/\/sdcom.ovh\/index.php?rest_route=\/wp\/v2\/pages\/138\/revisions"}],"predecessor-version":[{"id":317,"href":"https:\/\/sdcom.ovh\/index.php?rest_route=\/wp\/v2\/pages\/138\/revisions\/317"}],"wp:attachment":[{"href":"https:\/\/sdcom.ovh\/index.php?rest_route=%2Fwp%2Fv2%2Fmedia&parent=138"}],"curies":[{"name":"wp","href":"https:\/\/api.w.org\/{rel}","templated":true}]}}